{"id":9208,"date":"2026-04-16T17:21:38","date_gmt":"2026-04-16T15:21:38","guid":{"rendered":"https:\/\/paolellioutdoor.it\/?post_type=product&#038;p=9208"},"modified":"2026-04-16T17:29:11","modified_gmt":"2026-04-16T15:29:11","slug":"jolly-table-100","status":"publish","type":"product","link":"https:\/\/paolellioutdoor.it\/en\/prodotti\/made-in-factory\/studio-adolini\/jolly-table-100\/","title":{"rendered":"Jolly Table 100"},"content":{"rendered":"<p>Jolly Table 1o0 \u00e8 realizzato \u00e8 realizzato in Stonelite, un materiale innovativo e altamente performante. Nella composizione, il top \u00e8 sostenuto da una base formata da tre elementi \u2014 di cui una base \u2014 con altezze differenti e sovrapponibili liberamente per creare configurazioni personalizzate.<\/p>","protected":false},"excerpt":{"rendered":"<p>I prodotti delle collezioni Made in Factory sono realizzabili su richiesta in tutte le colorazioni della scala RAL.<\/p>\n<hr \/>\n<p>&nbsp;<\/p>","protected":false},"featured_media":9202,"template":"","meta":[],"product_brand":[],"product_cat":[162,159],"product_tag":[],"class_list":{"0":"post-9208","1":"product","2":"type-product","3":"status-publish","4":"has-post-thumbnail","6":"product_cat-studio-adolini","7":"product_cat-tutti-i-prodotti-factory","9":"first","10":"instock","11":"shipping-taxable","12":"product-type-variable","13":"has-default-attributes"},"_links":{"self":[{"href":"https:\/\/paolellioutdoor.it\/en\/wp-json\/wp\/v2\/product\/9208","targetHints":{"allow":["GET"]}}],"collection":[{"href":"https:\/\/paolellioutdoor.it\/en\/wp-json\/wp\/v2\/product"}],"about":[{"href":"https:\/\/paolellioutdoor.it\/en\/wp-json\/wp\/v2\/types\/product"}],"wp:featuredmedia":[{"embeddable":true,"href":"https:\/\/paolellioutdoor.it\/en\/wp-json\/wp\/v2\/media\/9202"}],"wp:attachment":[{"href":"https:\/\/paolellioutdoor.it\/en\/wp-json\/wp\/v2\/media?parent=9208"}],"wp:term":[{"taxonomy":"product_brand","embeddable":true,"href":"https:\/\/paolellioutdoor.it\/en\/wp-json\/wp\/v2\/product_brand?post=9208"},{"taxonomy":"product_cat","embeddable":true,"href":"https:\/\/paolellioutdoor.it\/en\/wp-json\/wp\/v2\/product_cat?post=9208"},{"taxonomy":"product_tag","embeddable":true,"href":"https:\/\/paolellioutdoor.it\/en\/wp-json\/wp\/v2\/product_tag?post=9208"}],"curies":[{"name":"wp","href":"https:\/\/api.w.org\/{rel}","templated":true}]}}