{"id":8812,"date":"2026-03-20T10:43:24","date_gmt":"2026-03-20T09:43:24","guid":{"rendered":"https:\/\/paolellioutdoor.it\/?post_type=product&#038;p=8812"},"modified":"2026-04-16T15:48:33","modified_gmt":"2026-04-16T13:48:33","slug":"sassi-stool-32","status":"publish","type":"product","link":"https:\/\/paolellioutdoor.it\/en\/prodotti\/made-in-factory\/capsule-collection\/sassi-stool-32\/","title":{"rendered":"Sassi Stool 32"},"content":{"rendered":"<p>Sassi Stool 32 \u00e8 realizzato in Stone Lite, un materiale innovativo e altamente performante, ed \u00e8 disponibile a catalogo nelle tre colorazioni salvia, grafite e ghiaccio. Versatile e funzionale, pu\u00f2 essere utilizzato come seduta o come elemento d\u2019appoggio, inserendosi in ambienti outdoor e indoor, sia residenziali che contract.<\/p>","protected":false},"excerpt":{"rendered":"<p>I prodotti delle collezioni Made in Factory sono realizzabili su richiesta in tutte le colorazioni della scala RAL.<\/p>\n<hr \/>\n<p>&nbsp;<\/p>","protected":false},"featured_media":9193,"template":"","meta":[],"product_brand":[],"product_cat":[125,159],"product_tag":[],"class_list":{"0":"post-8812","1":"product","2":"type-product","3":"status-publish","4":"has-post-thumbnail","6":"product_cat-capsule-collection","7":"product_cat-tutti-i-prodotti-factory","9":"first","10":"instock","11":"shipping-taxable","12":"product-type-variable","13":"has-default-attributes"},"_links":{"self":[{"href":"https:\/\/paolellioutdoor.it\/en\/wp-json\/wp\/v2\/product\/8812","targetHints":{"allow":["GET"]}}],"collection":[{"href":"https:\/\/paolellioutdoor.it\/en\/wp-json\/wp\/v2\/product"}],"about":[{"href":"https:\/\/paolellioutdoor.it\/en\/wp-json\/wp\/v2\/types\/product"}],"wp:featuredmedia":[{"embeddable":true,"href":"https:\/\/paolellioutdoor.it\/en\/wp-json\/wp\/v2\/media\/9193"}],"wp:attachment":[{"href":"https:\/\/paolellioutdoor.it\/en\/wp-json\/wp\/v2\/media?parent=8812"}],"wp:term":[{"taxonomy":"product_brand","embeddable":true,"href":"https:\/\/paolellioutdoor.it\/en\/wp-json\/wp\/v2\/product_brand?post=8812"},{"taxonomy":"product_cat","embeddable":true,"href":"https:\/\/paolellioutdoor.it\/en\/wp-json\/wp\/v2\/product_cat?post=8812"},{"taxonomy":"product_tag","embeddable":true,"href":"https:\/\/paolellioutdoor.it\/en\/wp-json\/wp\/v2\/product_tag?post=8812"}],"curies":[{"name":"wp","href":"https:\/\/api.w.org\/{rel}","templated":true}]}}